{"id":198,"date":"2025-04-13T07:41:41","date_gmt":"2025-04-13T05:41:41","guid":{"rendered":"http:\/\/radurobutu.de\/?page_id=198"},"modified":"2025-06-25T09:42:52","modified_gmt":"2025-06-25T07:42:52","slug":"about-me","status":"publish","type":"page","link":"https:\/\/radurobutu.de\/de\/about-me\/","title":{"rendered":"Coaching"},"content":{"rendered":"<h3 class=\"wp-block-heading\"><mark style=\"background-color:rgba(0, 0, 0, 0)\" class=\"has-inline-color has-primary-color\">Ich begleite Menschen auf ihrem Weg von \u201egut\u201d zu \u201egro\u00dfartig\u201d. Ich unterst\u00fctze sie dabei, ihr Potenzial zu entfalten, eine Wachstumsmentalit\u00e4t zu entwickeln und ein tieferes Gef\u00fchl von Klarheit und Wohlbefinden in ihrem Leben zu erreichen.<\/mark><\/h3>\n\n\n\n<p><strong>Was du erreichen kannst<\/strong><br>Dieses Coaching hilft dir, dich wieder mit dem zu verbinden, was am wichtigsten ist: mit dir selbst.<\/p>\n\n\n\n<p>Du wirst lernen:<\/p>\n\n\n\n<ul class=\"wp-block-list\">\n<li>klare, bewusste Entscheidungen unter Druck zu treffen.<\/li>\n\n\n\n<li>in komplexen oder sich ver\u00e4ndernden Umgebungen ruhig und flexibel zu bleiben.<\/li>\n\n\n\n<li>Ausgeglichenheit, Fokus und Pr\u00e4senz in deinem t\u00e4glichen Handeln wiederherzustellen.<\/li>\n\n\n\n<li>mit Authentizit\u00e4t zu f\u00fchren statt mit Erwartungen.<\/li>\n\n\n\n<li>eine starke innere und \u00e4u\u00dfere Haltung zu verk\u00f6rpern \u2013 ich nenne es <em>Kam\u0101e<\/em><\/li>\n<\/ul>\n\n\n\n<p><strong>Was ist Kam\u0101e?<\/strong><br>Kam\u0101e ist ein Begriff aus der japanischen Kampfkunst und bedeutet \u201eHaltung\u201c. Es ist jedoch weit mehr als eine physische Haltung. Er beschreibt einen Zustand der Pr\u00e4senz, der Bereitschaft und des inneren Gleichgewichts. Kam\u0101e ist die Grundlage dieser Methode und hilft dir, dem Leben mit Ausrichtung und Absicht zu begegnen.<\/p>\n\n\n\n<p><strong>Die Erfahrung<\/strong><br>Dies ist nicht einfach nur ein Coaching. Es ist ein transformativer Prozess, der Folgendes kombiniert:<\/p>\n\n\n\n<ul class=\"wp-block-list\">\n<li><strong>Embodied Awareness Practices<\/strong> - um Stabilit\u00e4t und Klarheit zu kultivieren.<\/li>\n\n\n\n<li><strong>Strategisches Coaching<\/strong> - um die Perspektive zu ver\u00e4ndern und innere Blockaden aufzul\u00f6sen.<\/li>\n\n\n\n<li><strong>Gezielte k\u00f6rperliche \u00dcbungen<\/strong> - die auf Kampfkunst und Kam\u0101e-Prinzipien basieren.<\/li>\n\n\n\n<li><strong>Integration und Anwendung im Alltag<\/strong> - damit Erkenntnisse zu nachhaltigen Ver\u00e4nderungen f\u00fchren.<\/li>\n<\/ul>\n\n\n\n<p><strong>Was diese Methode einzigartig macht<\/strong><br>Meine Kam\u0101e-Methode verbindet zeitlose Weisheit mit modernen Leadership-Instrumenten, die auf folgenden Grundlagen basieren:<\/p>\n\n\n\n<ul class=\"wp-block-list\">\n<li><strong>Ki Aikido &amp; Shin-Shin-Toitsu-Do<\/strong> - f\u00f6rdern somatische Bewusstheit und die Einheit von Geist und K\u00f6rper.<\/li>\n\n\n\n<li><strong>P\u00e4dagogisches Leadership und Management<\/strong> -  f\u00fcr praktische Struktur und Relevanz.<\/li>\n\n\n\n<li><strong>Exponentielles Coaching<\/strong> - um tiefes Potenzial und nachhaltiges Wachstum freizusetzen.<\/li>\n<\/ul>\n\n\n\n<p>Es geht nicht um Ratschl\u00e4ge. Es ist ein ganzheitlicher Prozess, der deine innere St\u00e4rke und Klarheit aufbaut \u2013 von innen heraus.<\/p>\n\n\n\n<p><strong>Wie wir zusammenarbeiten k\u00f6nnen<\/strong><\/p>\n\n\n\n<ul class=\"wp-block-list\">\n<li><strong>1:1 Coaching<\/strong> - individuelle Sitzungen.<\/li>\n\n\n\n<li><strong>Coaching Intensives<\/strong> - halb- oder ganzt\u00e4gige Formate f\u00fcr eine tiefere Erkundung.<\/li>\n\n\n\n<li><strong>Team Workshops<\/strong> - f\u00fcr Schulen, F\u00fchrungsteams oder zielorientierte Gruppen.<\/li>\n\n\n\n<li><strong>Pilotprogramme<\/strong> - f\u00fcr Institutionen, die sich auf pers\u00f6nliche Entwicklung konzentrieren.<\/li>\n\n\n\n<li><strong>Keynotes &amp; Vortr\u00e4ge<\/strong>\u00a0- spannende, zum Nachdenken anregende Vortr\u00e4ge f\u00fcr Konferenzen, Mitarbeitertage oder berufliche Veranstaltungen.<\/li>\n<\/ul>\n\n\n\n<p><strong>Bereit, anzufangen?<\/strong><br>Du musst nicht alle Antworten haben \u2013 du musst nur bereit sein, den ersten Schritt zu machen.<\/p>\n\n\n\n<div id=\"wp-block-themeisle-blocks-button-group-a48602b0\" class=\"wp-block-themeisle-blocks-button-group wp-block-buttons\">\n<div id=\"wp-block-themeisle-blocks-button-984655e3\" class=\"wp-block-themeisle-blocks-button wp-block-button\"><a href=\"http:\/\/radurobutu.de\/de\/contact\/\" target=\"_self\" rel=\"noopener noreferrer\" class=\"wp-block-button__link\"><span>Lass uns reden<\/span><\/a><\/div>\n<\/div>\n\n\n\n<p><\/p>","protected":false},"excerpt":{"rendered":"<p>I guide individuals on the path from good to great supporting them in unlocking their potential, cultivating a growth mindset, and building a deeper sense of clarity and well-being in their lives. What You Can AchieveThis coaching helps you reconnect with what matters most \u2014 yourself. You\u2019ll learn how to: What is Kam\u0101e?Kam\u0101e is a [&hellip;]<\/p>\n","protected":false},"author":1,"featured_media":0,"parent":0,"menu_order":0,"comment_status":"closed","ping_status":"closed","template":"","meta":{"_themeisle_gutenberg_block_has_review":false,"_kadence_starter_templates_imported_post":false,"footnotes":""},"class_list":["post-198","page","type-page","status-publish","hentry"],"_links":{"self":[{"href":"https:\/\/radurobutu.de\/de\/wp-json\/wp\/v2\/pages\/198","targetHints":{"allow":["GET"]}}],"collection":[{"href":"https:\/\/radurobutu.de\/de\/wp-json\/wp\/v2\/pages"}],"about":[{"href":"https:\/\/radurobutu.de\/de\/wp-json\/wp\/v2\/types\/page"}],"author":[{"embeddable":true,"href":"https:\/\/radurobutu.de\/de\/wp-json\/wp\/v2\/users\/1"}],"replies":[{"embeddable":true,"href":"https:\/\/radurobutu.de\/de\/wp-json\/wp\/v2\/comments?post=198"}],"version-history":[{"count":9,"href":"https:\/\/radurobutu.de\/de\/wp-json\/wp\/v2\/pages\/198\/revisions"}],"predecessor-version":[{"id":364,"href":"https:\/\/radurobutu.de\/de\/wp-json\/wp\/v2\/pages\/198\/revisions\/364"}],"wp:attachment":[{"href":"https:\/\/radurobutu.de\/de\/wp-json\/wp\/v2\/media?parent=198"}],"curies":[{"name":"wp","href":"https:\/\/api.w.org\/{rel}","templated":true}]}}