{"id":138,"date":"2025-04-11T20:21:54","date_gmt":"2025-04-11T18:21:54","guid":{"rendered":"http:\/\/radurobutu.de\/?page_id=138"},"modified":"2025-06-24T13:30:00","modified_gmt":"2025-06-24T11:30:00","slug":"front-page","status":"publish","type":"page","link":"https:\/\/radurobutu.de\/de\/","title":{"rendered":"Home"},"content":{"rendered":"<div class=\"wp-block-media-text is-stacked-on-mobile\" style=\"grid-template-columns:39% auto\"><figure class=\"wp-block-media-text__media\"><img loading=\"lazy\" decoding=\"async\" width=\"843\" height=\"1024\" src=\"https:\/\/radurobutu.de\/wp-content\/uploads\/2025\/06\/25-843x1024.jpeg\" alt=\"\" class=\"wp-image-320 size-full\" srcset=\"https:\/\/radurobutu.de\/wp-content\/uploads\/2025\/06\/25-843x1024.jpeg 843w, https:\/\/radurobutu.de\/wp-content\/uploads\/2025\/06\/25-247x300.jpeg 247w, https:\/\/radurobutu.de\/wp-content\/uploads\/2025\/06\/25-768x933.jpeg 768w, https:\/\/radurobutu.de\/wp-content\/uploads\/2025\/06\/25.jpeg 896w\" sizes=\"auto, (max-width: 843px) 100vw, 843px\" \/><\/figure><div class=\"wp-block-media-text__content\">\n<p><strong>Coaching f\u00fcr mehr Klarheit, St\u00e4rke und Pr\u00e4senz. Aus dem Inneren heraus.<\/strong><\/p>\n\n\n\n<p>Ich helfe Menschen, ihre Energie zu meistern, in stressigen Situationen zu gedeihen und sinnvolle Ver\u00e4nderungen in ihrem Leben und Beruf zu schaffen.<\/p>\n\n\n\n<p>Mein Coaching unterst\u00fctzt dich dabei, zu deiner inneren Klarheit und Ausrichtung zur\u00fcckzufinden. Es geht dabei nicht um schnelle L\u00f6sungen, sondern um nachhaltiges Wachstum. Dieses beruht auf Bewusstheit, Wahrnehmung, gezieltem Handeln und einem tieferen Sinn f\u00fcr das angestrebte Ziel.<\/p>\n\n\n\n<p>Diese Arbeit verbindet Aufmerksamkeitselemente, strategisches Coaching und k\u00f6rperliche \u00dcbungen, um dir zu helfen, dich in jeder Umgebung mit Vertrauen und Pr\u00e4senz zu bewegen.<\/p>\n\n\n\n<p><strong>Dadurch wirst du:<\/strong><\/p>\n\n\n\n<ul class=\"wp-block-list\">\n<li>Stress mit gr\u00f6\u00dferer Leichtigkeit und Klarheit bew\u00e4ltigen.<\/li>\n\n\n\n<li>Herausforderungen aus einer geerdeten, zentrierten Position heraus begegnen.<\/li>\n\n\n\n<li>dich wieder mit deiner Energie, deiner Richtung und dem, was wirklich wichtig ist, verbinden.<\/li>\n<\/ul>\n\n\n\n<p>Es ist ein Prozess, der dich dazu einl\u00e4dt:<\/p>\n\n\n\n<ul class=\"wp-block-list\">\n<li>Verletzlichkeit als Tor zur St\u00e4rke zu akzeptieren.<\/li>\n\n\n\n<li>\u00fcberholte Grenzen zu \u00fcberschreiten.<\/li>\n\n\n\n<li>aus innerer Ausrichtung zu f\u00fchren, und nicht aus \u00e4u\u00dferem Druck.<\/li>\n<\/ul>\n\n\n\n<p>Du wirst dich mit Ruhe, Zielstrebigkeit und neuer Orientierung vorw\u00e4rts bewegen \u2013 verwurzelt in dem, was du wirklich bist.<\/p>\n\n\n\n<p><strong>Bist du bereit, zu erkunden, was m\u00f6glich ist?<\/strong><\/p>\n<\/div><\/div>\n\n\n\n<div class=\"wp-block-buttons is-layout-flex wp-block-buttons-is-layout-flex\">\n<div class=\"wp-block-button\"><a class=\"wp-block-button__link wp-element-button\" href=\"https:\/\/radurobutu.de\/de\/contact\/\">Lass uns reden<\/a><\/div>\n<\/div>\n\n\n\n<p><\/p>","protected":false},"excerpt":{"rendered":"","protected":false},"author":1,"featured_media":0,"parent":0,"menu_order":0,"comment_status":"closed","ping_status":"closed","template":"","meta":{"_themeisle_gutenberg_block_has_review":false,"_kadence_starter_templates_imported_post":false,"footnotes":""},"class_list":["post-138","page","type-page","status-publish","hentry"],"_links":{"self":[{"href":"https:\/\/radurobutu.de\/de\/wp-json\/wp\/v2\/pages\/138","targetHints":{"allow":["GET"]}}],"collection":[{"href":"https:\/\/radurobutu.de\/de\/wp-json\/wp\/v2\/pages"}],"about":[{"href":"https:\/\/radurobutu.de\/de\/wp-json\/wp\/v2\/types\/page"}],"author":[{"embeddable":true,"href":"https:\/\/radurobutu.de\/de\/wp-json\/wp\/v2\/users\/1"}],"replies":[{"embeddable":true,"href":"https:\/\/radurobutu.de\/de\/wp-json\/wp\/v2\/comments?post=138"}],"version-history":[{"count":5,"href":"https:\/\/radurobutu.de\/de\/wp-json\/wp\/v2\/pages\/138\/revisions"}],"predecessor-version":[{"id":333,"href":"https:\/\/radurobutu.de\/de\/wp-json\/wp\/v2\/pages\/138\/revisions\/333"}],"wp:attachment":[{"href":"https:\/\/radurobutu.de\/de\/wp-json\/wp\/v2\/media?parent=138"}],"curies":[{"name":"wp","href":"https:\/\/api.w.org\/{rel}","templated":true}]}}